{"id":174,"date":"2024-03-30T10:20:10","date_gmt":"2024-03-30T10:20:10","guid":{"rendered":"https:\/\/zilverstift.nl\/de\/?post_type=product&#038;p=174"},"modified":"2026-01-27T14:27:23","modified_gmt":"2026-01-27T14:27:23","slug":"geprepareerd-papier-grundiertes-papier","status":"publish","type":"product","link":"https:\/\/zilverstift.nl\/de\/produkt\/geprepareerd-papier-grundiertes-papier\/","title":{"rendered":"BYBLOS<br>(Grundiertes Papier Block)"},"content":{"rendered":"<h3><strong>Block mit 9 Bl\u00e4ttern grundiertem Papier \u2013 Perfekt f\u00fcr Silber- und Aluminiumstift<\/strong><\/h3>\n<p>Dieser hochwertige Zeichenblock enth\u00e4lt <strong>9 handgrundierte Bl\u00e4tter<\/strong>, speziell vorbereitet f\u00fcr Silberstift- und Aluminiumstift-Zeichnungen. Mit <strong>meinem Lieblingsgesso <a href=\"https:\/\/zilverstift.nl\/DE\/grundieren\/\">grundiert<\/a><\/strong>, bietet das Papier eine ideale Oberfl\u00e4che f\u00fcr detailreiche Kunstwerke. Sie k\u00f6nnen sofort mit dem Zeichnen beginnen!<\/p>\n<h4><strong>Eigenschaften:<\/strong><\/h4>\n<ul>\n<li><strong>Handgemachte Qualit\u00e4t<\/strong> \u2013 Jedes Blatt erh\u00e4lt eine sorgf\u00e4ltige Grundierung f\u00fcr eine perfekte Zeichenfl\u00e4che.<\/li>\n<li><strong>Optimiert f\u00fcr Metallstifte<\/strong> \u2013 Silberstift und Aluminiumstift gleiten gleichm\u00e4\u00dfig \u00fcber die Oberfl\u00e4che.<\/li>\n<li><strong>Hochwertiges Material<\/strong> \u2013 Gefertigt aus <strong>300 g\/m\u00b2 <a href=\"https:\/\/fabriano.com\/en\/\" target=\"_blank\" rel=\"noopener\">Fabriano<\/a> Satin\u00e9 Aquarellpapier<\/strong>, besonders stabil und langlebig.<\/li>\n<li><strong>Praktische Gestaltung<\/strong> \u2013 Der Zeichenblock enth\u00e4lt eine feste Kartonunterlage f\u00fcr bequemes Arbeiten.<\/li>\n<\/ul>\n<h4><strong>Warum mit der Hand grundiertes Papier?<\/strong><\/h4>\n<p>Papier, das f\u00fcr Silberstift vorbereitet ist, ist in Kunstfachgesch\u00e4ften kaum erh\u00e4ltlich. Selbst im Internet ist es kaum zu finden. Deshalb habe ich es selbst vorbereitet. Damit auch Sie dieses Medium einmal ausprobieren k\u00f6nnen.<\/p>\n<p>Dieses speziell grundierte Papier eignet sich perfekt f\u00fcr K\u00fcnstler, die mit Metallstiften arbeiten. Die leicht raue Oberfl\u00e4che sorgt f\u00fcr einen gleichm\u00e4\u00dfigen Metallabrieb. Durch die Verwendung meines Lieblingsgessos entsteht eine perfekt abgestimmte Zeichenfl\u00e4che, die brillante Ergebnisse erm\u00f6glicht.<\/p>\n<p>\ud83d\udd8c <strong>Jetzt bestellen<\/strong> und mit Ihrem n\u00e4chsten Kunstwerk starten!<\/p>\n","protected":false},"excerpt":{"rendered":"<p>Block mit 9 Bl\u00e4ttern grundiertem Papier \u2013 Perfekt f\u00fcr Silber- und Aluminiumstift Dieser hochwertige Zeichenblock enth\u00e4lt 9 handgrundierte Bl\u00e4tter, speziell vorbereitet f\u00fcr Silberstift- und Aluminiumstift-Zeichnungen. Mit meinem Lieblingsgesso grundiert, bietet das Papier eine ideale Oberfl\u00e4che f\u00fcr detailreiche Kunstwerke. Sie k\u00f6nnen sofort mit dem Zeichnen beginnen! Eigenschaften: Handgemachte Qualit\u00e4t \u2013 Jedes Blatt erh\u00e4lt eine sorgf\u00e4ltige Grundierung&#8230;<\/p>\n","protected":false},"featured_media":205,"comment_status":"closed","ping_status":"closed","template":"","meta":[],"product_brand":[],"product_cat":[35],"product_tag":[36],"class_list":{"0":"post-174","1":"product","2":"type-product","3":"status-publish","4":"has-post-thumbnail","6":"product_cat-einzelartikel","7":"product_tag-bedarf","8":"product_shipping_class-38","10":"first","11":"instock","12":"featured","13":"sold-individually","14":"taxable","15":"shipping-taxable","16":"purchasable","17":"product-type-simple"},"jetpack_sharing_enabled":true,"_links":{"self":[{"href":"https:\/\/zilverstift.nl\/de\/wp-json\/wp\/v2\/product\/174","targetHints":{"allow":["GET"]}}],"collection":[{"href":"https:\/\/zilverstift.nl\/de\/wp-json\/wp\/v2\/product"}],"about":[{"href":"https:\/\/zilverstift.nl\/de\/wp-json\/wp\/v2\/types\/product"}],"replies":[{"embeddable":true,"href":"https:\/\/zilverstift.nl\/de\/wp-json\/wp\/v2\/comments?post=174"}],"wp:featuredmedia":[{"embeddable":true,"href":"https:\/\/zilverstift.nl\/de\/wp-json\/wp\/v2\/media\/205"}],"wp:attachment":[{"href":"https:\/\/zilverstift.nl\/de\/wp-json\/wp\/v2\/media?parent=174"}],"wp:term":[{"taxonomy":"product_brand","embeddable":true,"href":"https:\/\/zilverstift.nl\/de\/wp-json\/wp\/v2\/product_brand?post=174"},{"taxonomy":"product_cat","embeddable":true,"href":"https:\/\/zilverstift.nl\/de\/wp-json\/wp\/v2\/product_cat?post=174"},{"taxonomy":"product_tag","embeddable":true,"href":"https:\/\/zilverstift.nl\/de\/wp-json\/wp\/v2\/product_tag?post=174"}],"curies":[{"name":"wp","href":"https:\/\/api.w.org\/{rel}","templated":true}]}}