{"id":180,"date":"2024-03-30T10:20:11","date_gmt":"2024-03-30T10:20:11","guid":{"rendered":"https:\/\/zilverstift.nl\/de\/?post_type=product&#038;p=180"},"modified":"2026-01-27T14:33:04","modified_gmt":"2026-01-27T14:33:04","slug":"complete-set-komplettset-metalpoint","status":"publish","type":"product","link":"https:\/\/zilverstift.nl\/de\/produkt\/complete-set-komplettset-metalpoint\/","title":{"rendered":"FUNDAMENTUM METALLICUM (Komplettset)"},"content":{"rendered":"<p>Komplettes Metallstift-Set f\u00fcr den sofortigen Einstieg:<\/p>\n<ul>\n<li>Silberstift mit Halter (1,0 mm x 5 cm)<\/li>\n<li>Silberstift mit Halter (2,0 mm x 5 cm)<\/li>\n<li>Kupfermine f\u00fcr Silberstifthalter (2,0 mm x 5 cm)<\/li>\n<li>Aluminiummine f\u00fcr Silberstifthalter (2,0 mm x 5 cm)<\/li>\n<li>Handgefertigter Block mit 9 Seiten pr\u00e4pariertem Papier (300 gr\/m2)<\/li>\n<\/ul>\n<p>Und erhalten Sie jetzt gratis dazu einen Gummistift f\u00fcr Silberstift zum <a href=\"https:\/\/zilverstift.nl\/de\/silberstift-radieren\/\">radieren<\/a>.<\/p>\n","protected":false},"excerpt":{"rendered":"<p>Komplettes Metallstift-Set f\u00fcr den sofortigen Einstieg: Silberstift mit Halter (1,0 mm x 5 cm) Silberstift mit Halter (2,0 mm x 5 cm) Kupfermine f\u00fcr Silberstifthalter (2,0 mm x 5 cm) Aluminiummine f\u00fcr Silberstifthalter (2,0 mm x 5 cm) Handgefertigter Block mit 9 Seiten pr\u00e4pariertem Papier (300 gr\/m2) Und erhalten Sie jetzt gratis dazu einen Gummistift&#8230;<\/p>\n","protected":false},"featured_media":507,"comment_status":"closed","ping_status":"closed","template":"","meta":[],"product_brand":[],"product_cat":[40],"product_tag":[36],"class_list":{"0":"post-180","1":"product","2":"type-product","3":"status-publish","4":"has-post-thumbnail","6":"product_cat-buendel","7":"product_tag-bedarf","8":"product_shipping_class-38","10":"first","11":"instock","12":"sale","13":"featured","14":"sold-individually","15":"taxable","16":"shipping-taxable","17":"purchasable","18":"product-type-woosb"},"jetpack_sharing_enabled":true,"_links":{"self":[{"href":"https:\/\/zilverstift.nl\/de\/wp-json\/wp\/v2\/product\/180","targetHints":{"allow":["GET"]}}],"collection":[{"href":"https:\/\/zilverstift.nl\/de\/wp-json\/wp\/v2\/product"}],"about":[{"href":"https:\/\/zilverstift.nl\/de\/wp-json\/wp\/v2\/types\/product"}],"replies":[{"embeddable":true,"href":"https:\/\/zilverstift.nl\/de\/wp-json\/wp\/v2\/comments?post=180"}],"wp:featuredmedia":[{"embeddable":true,"href":"https:\/\/zilverstift.nl\/de\/wp-json\/wp\/v2\/media\/507"}],"wp:attachment":[{"href":"https:\/\/zilverstift.nl\/de\/wp-json\/wp\/v2\/media?parent=180"}],"wp:term":[{"taxonomy":"product_brand","embeddable":true,"href":"https:\/\/zilverstift.nl\/de\/wp-json\/wp\/v2\/product_brand?post=180"},{"taxonomy":"product_cat","embeddable":true,"href":"https:\/\/zilverstift.nl\/de\/wp-json\/wp\/v2\/product_cat?post=180"},{"taxonomy":"product_tag","embeddable":true,"href":"https:\/\/zilverstift.nl\/de\/wp-json\/wp\/v2\/product_tag?post=180"}],"curies":[{"name":"wp","href":"https:\/\/api.w.org\/{rel}","templated":true}]}}