{"id":195,"date":"2024-03-30T10:20:13","date_gmt":"2024-03-30T10:20:13","guid":{"rendered":"https:\/\/zilverstift.nl\/de\/?post_type=product&#038;p=195"},"modified":"2025-12-23T21:40:12","modified_gmt":"2025-12-23T21:40:12","slug":"reservemesje-ersatzklinge","status":"publish","type":"product","link":"https:\/\/zilverstift.nl\/de\/produkt\/reservemesje-ersatzklinge\/","title":{"rendered":"CULTELLI (Ersatzklingen)"},"content":{"rendered":"<p>Silberstift spitzt man mit Sandpapier oder auf einem Ziegelstein an. F\u00fcr Ihren Radierstift oder Bleistifte, mit denen Sie Silberstift kombinieren, gibt es dagegen den Anspitzer.<\/p>\n<p>Manchmal sind Ersatzklingen f\u00fcr Ihren normalen Bleistiftspitzer schwer zu finden. Nat\u00fcrlich ist es unter dem Gesichtspunkt der Nachhaltigkeit unsinnig, das ganze Ger\u00e4t wegzuwerfen, wenn man die Klinge mit einer einfachen Schraube ersetzen kann. Ich ziehe es jedenfalls vor, meinen alten, treuen Bleistiftspitzer jedes Mal wieder aufleben zu lassen.<\/p>\n<p>Die Ersatzklingen passen f\u00fcr beide Arten von Messingspitzern.<\/p>\n","protected":false},"excerpt":{"rendered":"<p>Silberstift spitzt man mit Sandpapier oder auf einem Ziegelstein an. F\u00fcr Ihren Radierstift oder Bleistifte, mit denen Sie Silberstift kombinieren, gibt es dagegen den Anspitzer. Manchmal sind Ersatzklingen f\u00fcr Ihren normalen Bleistiftspitzer schwer zu finden. Nat\u00fcrlich ist es unter dem Gesichtspunkt der Nachhaltigkeit unsinnig, das ganze Ger\u00e4t wegzuwerfen, wenn man die Klinge mit einer einfachen&#8230;<\/p>\n","protected":false},"featured_media":229,"comment_status":"closed","ping_status":"closed","template":"","meta":[],"product_brand":[],"product_cat":[35],"product_tag":[36],"class_list":{"0":"post-195","1":"product","2":"type-product","3":"status-publish","4":"has-post-thumbnail","6":"product_cat-einzelartikel","7":"product_tag-bedarf","8":"product_shipping_class-37","10":"first","11":"instock","12":"taxable","13":"shipping-taxable","14":"purchasable","15":"product-type-simple"},"jetpack_sharing_enabled":true,"_links":{"self":[{"href":"https:\/\/zilverstift.nl\/de\/wp-json\/wp\/v2\/product\/195","targetHints":{"allow":["GET"]}}],"collection":[{"href":"https:\/\/zilverstift.nl\/de\/wp-json\/wp\/v2\/product"}],"about":[{"href":"https:\/\/zilverstift.nl\/de\/wp-json\/wp\/v2\/types\/product"}],"replies":[{"embeddable":true,"href":"https:\/\/zilverstift.nl\/de\/wp-json\/wp\/v2\/comments?post=195"}],"wp:featuredmedia":[{"embeddable":true,"href":"https:\/\/zilverstift.nl\/de\/wp-json\/wp\/v2\/media\/229"}],"wp:attachment":[{"href":"https:\/\/zilverstift.nl\/de\/wp-json\/wp\/v2\/media?parent=195"}],"wp:term":[{"taxonomy":"product_brand","embeddable":true,"href":"https:\/\/zilverstift.nl\/de\/wp-json\/wp\/v2\/product_brand?post=195"},{"taxonomy":"product_cat","embeddable":true,"href":"https:\/\/zilverstift.nl\/de\/wp-json\/wp\/v2\/product_cat?post=195"},{"taxonomy":"product_tag","embeddable":true,"href":"https:\/\/zilverstift.nl\/de\/wp-json\/wp\/v2\/product_tag?post=195"}],"curies":[{"name":"wp","href":"https:\/\/api.w.org\/{rel}","templated":true}]}}