{"id":214,"date":"2024-03-30T10:20:48","date_gmt":"2024-03-30T10:20:48","guid":{"rendered":"https:\/\/zilverstift.nl\/de\/?post_type=product&#038;p=214"},"modified":"2026-04-20T21:53:36","modified_gmt":"2026-04-20T21:53:36","slug":"zilverstift-silberstift1-mm-o","status":"publish","type":"product","link":"https:\/\/zilverstift.nl\/de\/produkt\/zilverstift-silberstift1-mm-o\/","title":{"rendered":"ARGENTUM 1,0 (Silberstift d\u00fcnn)"},"content":{"rendered":"<p>H\u00f6chste Qualit\u00e4t 999\/1000 Silber. 1 mm Durchmesser. In Faber Castell Qualit\u00e4tsfederhalter.<\/p>\n","protected":false},"excerpt":{"rendered":"<p>H\u00f6chste Qualit\u00e4t 999\/1000 Silber. 1 mm Durchmesser. In Faber Castell Qualit\u00e4tsfederhalter.<\/p>\n","protected":false},"featured_media":509,"comment_status":"closed","ping_status":"closed","template":"","meta":[],"product_brand":[],"product_cat":[35],"product_tag":[36,39],"class_list":{"0":"post-214","1":"product","2":"type-product","3":"status-publish","4":"has-post-thumbnail","6":"product_cat-einzelartikel","7":"product_tag-bedarf","8":"product_tag-silberstift","9":"product_shipping_class-37","11":"first","12":"instock","13":"taxable","14":"shipping-taxable","15":"purchasable","16":"product-type-simple"},"jetpack_sharing_enabled":true,"_links":{"self":[{"href":"https:\/\/zilverstift.nl\/de\/wp-json\/wp\/v2\/product\/214","targetHints":{"allow":["GET"]}}],"collection":[{"href":"https:\/\/zilverstift.nl\/de\/wp-json\/wp\/v2\/product"}],"about":[{"href":"https:\/\/zilverstift.nl\/de\/wp-json\/wp\/v2\/types\/product"}],"replies":[{"embeddable":true,"href":"https:\/\/zilverstift.nl\/de\/wp-json\/wp\/v2\/comments?post=214"}],"wp:featuredmedia":[{"embeddable":true,"href":"https:\/\/zilverstift.nl\/de\/wp-json\/wp\/v2\/media\/509"}],"wp:attachment":[{"href":"https:\/\/zilverstift.nl\/de\/wp-json\/wp\/v2\/media?parent=214"}],"wp:term":[{"taxonomy":"product_brand","embeddable":true,"href":"https:\/\/zilverstift.nl\/de\/wp-json\/wp\/v2\/product_brand?post=214"},{"taxonomy":"product_cat","embeddable":true,"href":"https:\/\/zilverstift.nl\/de\/wp-json\/wp\/v2\/product_cat?post=214"},{"taxonomy":"product_tag","embeddable":true,"href":"https:\/\/zilverstift.nl\/de\/wp-json\/wp\/v2\/product_tag?post=214"}],"curies":[{"name":"wp","href":"https:\/\/api.w.org\/{rel}","templated":true}]}}