{"id":445,"date":"2024-10-17T20:28:39","date_gmt":"2024-10-17T20:28:39","guid":{"rendered":"https:\/\/zilverstift.nl\/DE\/?post_type=product&#038;p=445"},"modified":"2026-01-26T19:49:10","modified_gmt":"2026-01-26T19:49:10","slug":"tria-metallasilber-aluminium-kupfer","status":"publish","type":"product","link":"https:\/\/zilverstift.nl\/de\/produkt\/tria-metallasilber-aluminium-kupfer\/","title":{"rendered":"TRIA METALLA<br>(Silber, Aluminium, Kupfer)"},"content":{"rendered":"<p>Drei Arten von Metallminen (999 Silber, Aluminium, Kupfer), die alle in den mitgelieferten Qualit\u00e4tshalter von Faber-Castell passen.<\/p>\n<p>Silber <a href=\"https:\/\/zilverstift.nl\/DE\/silber-oxidiert-sichtbar\/\">oxidiert<\/a> warm, br\u00e4unlich. Aluminium oxidiert nicht sichtbar, ist dunkler und etwas blauer als Silber. Kupfer oxidiert nur sehr geringf\u00fcgig und zeigt schlie\u00dflich einen leicht blaugr\u00fcnlichen, weniger dunklen Strich als Silber. Mehr \u00fcber die Farbunterschiede k\u00f6nnen Sie in diesem <a href=\"https:\/\/zilverstift.nl\/DE\/fuenfzig-schattierungen-von-grau\/\">Artikel<\/a> lesen.<\/p>\n<p>Zur H\u00e4rte: Wenn Silber ein B-Bleistift w\u00e4re, h\u00e4tte Aluminium die H\u00e4rte B2 und Kupfer die H\u00e4rte H.<\/p>\n<p>Der mechanische Halter ist ein Qualit\u00e4tsprodukt von <a href=\"https:\/\/www.faber-castell.de\/\" target=\"_blank\" rel=\"noopener\">Faber Castell<\/a>. Die Metallminen lassen sich leicht auswechseln, vorausgesetzt, die Metallmine ist gerade.<\/p>\n<p>&nbsp;<\/p>\n<p>&nbsp;<\/p>\n","protected":false},"excerpt":{"rendered":"<p>Drei Arten von Metallminen (999 Silber, Aluminium, Kupfer), die alle in den mitgelieferten Qualit\u00e4tshalter von Faber-Castell passen. Silber oxidiert warm, br\u00e4unlich. Aluminium oxidiert nicht sichtbar, ist dunkler und etwas blauer als Silber. Kupfer oxidiert nur sehr geringf\u00fcgig und zeigt schlie\u00dflich einen leicht blaugr\u00fcnlichen, weniger dunklen Strich als Silber. Mehr \u00fcber die Farbunterschiede k\u00f6nnen Sie in&#8230;<\/p>\n","protected":false},"featured_media":446,"comment_status":"open","ping_status":"closed","template":"","meta":[],"product_brand":[],"product_cat":[15],"product_tag":[],"class_list":{"0":"post-445","1":"product","2":"type-product","3":"status-publish","4":"has-post-thumbnail","6":"product_cat-unkategorisiert","7":"product_shipping_class-41","9":"first","10":"instock","11":"featured","12":"taxable","13":"shipping-taxable","14":"purchasable","15":"product-type-simple"},"jetpack_sharing_enabled":true,"_links":{"self":[{"href":"https:\/\/zilverstift.nl\/de\/wp-json\/wp\/v2\/product\/445","targetHints":{"allow":["GET"]}}],"collection":[{"href":"https:\/\/zilverstift.nl\/de\/wp-json\/wp\/v2\/product"}],"about":[{"href":"https:\/\/zilverstift.nl\/de\/wp-json\/wp\/v2\/types\/product"}],"replies":[{"embeddable":true,"href":"https:\/\/zilverstift.nl\/de\/wp-json\/wp\/v2\/comments?post=445"}],"wp:featuredmedia":[{"embeddable":true,"href":"https:\/\/zilverstift.nl\/de\/wp-json\/wp\/v2\/media\/446"}],"wp:attachment":[{"href":"https:\/\/zilverstift.nl\/de\/wp-json\/wp\/v2\/media?parent=445"}],"wp:term":[{"taxonomy":"product_brand","embeddable":true,"href":"https:\/\/zilverstift.nl\/de\/wp-json\/wp\/v2\/product_brand?post=445"},{"taxonomy":"product_cat","embeddable":true,"href":"https:\/\/zilverstift.nl\/de\/wp-json\/wp\/v2\/product_cat?post=445"},{"taxonomy":"product_tag","embeddable":true,"href":"https:\/\/zilverstift.nl\/de\/wp-json\/wp\/v2\/product_tag?post=445"}],"curies":[{"name":"wp","href":"https:\/\/api.w.org\/{rel}","templated":true}]}}