{"id":492,"date":"2024-12-11T09:27:15","date_gmt":"2024-12-11T09:27:15","guid":{"rendered":"https:\/\/zilverstift.nl\/DE\/?post_type=product&#038;p=492"},"modified":"2026-02-04T09:34:05","modified_gmt":"2026-02-04T09:34:05","slug":"argentum-bis-2-minenstaerken","status":"publish","type":"product","link":"https:\/\/zilverstift.nl\/de\/produkt\/argentum-bis-2-minenstaerken\/","title":{"rendered":"ARGENTUM BIS<br>(Zwei Minenst\u00e4rken)"},"content":{"rendered":"<p>Druckbleistifte gibt es in vielen verschiedenen Dicken. Es kann sch\u00f6n sein, d\u00fcnnere Linien f\u00fcr Details zu verwenden. F\u00fcr gro\u00dfe Fl\u00e4chen ist eine dickere F\u00fcllung wieder sch\u00f6n. Zwei Minenst\u00e4rken reichen in der Regel aus. Weitere Ratschl\u00e4ge zu Drahtst\u00e4rken und Silberminen finden Sie in dem Blogbeitrag <a href=\"https:\/\/zilverstift.nl\/DE\/drahtdicke\/\">Die ideale Drahtst\u00e4rke<\/a>.<\/p>\n<p>Silberminen gibt es in weniger St\u00e4rken als Graphitminen. Die Anzahl der Dicken von Silberdraht, die mechanischen Haltern entsprechen, ist sogar viel geringer.<\/p>\n<p>Dieses Produkt ist Doppelsilber: zwei Minenst\u00e4rken und damit zwei Druckbleistifthalter. Ein Draht, der d\u00fcnner als 1 mm ist, biegt sich schnell und schneidet leicht in die Grundierung ein. Ein Draht, der dicker als 2 mm ist, ist wirklich nur f\u00fcr sehr gro\u00dfe Zeichnungen n\u00fctzlich, und selbst dann wird die Spitze zu schnell zu einer zu gro\u00dfen glatten Fl\u00e4che, die nicht gut nachgibt.<\/p>\n<p>Mit Argentum Bis haben Sie also die ideale Kombination von zwei Minenst\u00e4rken und passenden Haltern. Der d\u00fcnnste Stifthalter hat auf der R\u00fcckseite einen Radiergummi. F\u00fcr Silberstifte empfehle ich aber einen anderen Radiergummi, einen <a href=\"https:\/\/zilverstift.nl\/de\/product\/gumpotlood-radierstift\/\">Radierstift<\/a> ebenfalls von <a href=\"https:\/\/www.faber-castell.de\/\">Faber Castell<\/a>.<\/p>\n","protected":false},"excerpt":{"rendered":"<p>Mit diesem Set von Minenst\u00e4rken in passenden Haltern k\u00f6nnen Sie gr\u00f6\u00dfer und detailreich in Silber zeichnen.<\/p>\n","protected":false},"featured_media":495,"comment_status":"closed","ping_status":"closed","template":"","meta":[],"product_brand":[],"product_cat":[40],"product_tag":[36,39],"class_list":{"0":"post-492","1":"product","2":"type-product","3":"status-publish","4":"has-post-thumbnail","6":"product_cat-buendel","7":"product_tag-bedarf","8":"product_tag-silberstift","9":"product_shipping_class-41","11":"first","12":"instock","13":"featured","14":"taxable","15":"shipping-taxable","16":"purchasable","17":"product-type-simple"},"jetpack_sharing_enabled":true,"_links":{"self":[{"href":"https:\/\/zilverstift.nl\/de\/wp-json\/wp\/v2\/product\/492","targetHints":{"allow":["GET"]}}],"collection":[{"href":"https:\/\/zilverstift.nl\/de\/wp-json\/wp\/v2\/product"}],"about":[{"href":"https:\/\/zilverstift.nl\/de\/wp-json\/wp\/v2\/types\/product"}],"replies":[{"embeddable":true,"href":"https:\/\/zilverstift.nl\/de\/wp-json\/wp\/v2\/comments?post=492"}],"wp:featuredmedia":[{"embeddable":true,"href":"https:\/\/zilverstift.nl\/de\/wp-json\/wp\/v2\/media\/495"}],"wp:attachment":[{"href":"https:\/\/zilverstift.nl\/de\/wp-json\/wp\/v2\/media?parent=492"}],"wp:term":[{"taxonomy":"product_brand","embeddable":true,"href":"https:\/\/zilverstift.nl\/de\/wp-json\/wp\/v2\/product_brand?post=492"},{"taxonomy":"product_cat","embeddable":true,"href":"https:\/\/zilverstift.nl\/de\/wp-json\/wp\/v2\/product_cat?post=492"},{"taxonomy":"product_tag","embeddable":true,"href":"https:\/\/zilverstift.nl\/de\/wp-json\/wp\/v2\/product_tag?post=492"}],"curies":[{"name":"wp","href":"https:\/\/api.w.org\/{rel}","templated":true}]}}